{"id":36,"date":"2024-12-27T15:43:33","date_gmt":"2024-12-27T15:43:33","guid":{"rendered":"https:\/\/jgplate.nl\/nl\/?page_id=36"},"modified":"2025-07-14T17:28:05","modified_gmt":"2025-07-14T17:28:05","slug":"wie-zijn-wij","status":"publish","type":"page","link":"https:\/\/jgplate.nl\/nl\/wie-zijn-wij\/","title":{"rendered":"Wie zijn wij?"},"content":{"rendered":"\n<p>De <strong>Vereniging Spiritistische Groep J.G. Plate<\/strong>, opgericht op <strong>26 juli 2000<\/strong>, is een non-profitorganisatie gevestigd in Amsterdam. Ge\u00efnspireerd door de beginselen van het Spiritisme zoals gecodificeerd door Allan Kardec, heeft de vereniging als doel om de spiritistische leer te bestuderen, te beoefenen, te verspreiden en de waarden ervan toe te passen in het dagelijks leven, met het oog op spiritueel, moreel en sociaal welzijn.<\/p>\n\n\n\n<p>De naam van de vereniging is een eerbetoon aan <strong>Jean Guillaume Plate<\/strong>, de eerste vertaler van de belangrijkste spiritistische werken naar het Nederlands tussen <strong>1873 en 1878<\/strong>. Zijn baanbrekend werk was van groot belang voor de introductie van het Spiritisme in Nederland.<br>(<em>Lees meer over J.G. Plate via deze link.<\/em>)<\/p>\n\n\n\n<h3 class=\"wp-block-heading\">Een van onze bijeenkomsten<\/h3>\n\n\n\n<p>Sinds de eerste bijeenkomsten in de huiskamers van leden is de groep in aantal en reikwijdte gegroeid. Vandaag de dag is zij medeoprichter van de <strong>Nederlandse Raad voor het Spiritisme (NRSP)<\/strong> en werkt zij samen met de <strong>Internationale Spiritistische Raad (CEI)<\/strong>. De vereniging komt wekelijks samen op woensdagavonden in een buurthuis in Amsterdam, waar leerbijeenkomsten, dialogen en spirituele ondersteuning worden aangeboden.<\/p>\n\n\n\n<h3 class=\"wp-block-heading\">Activiteiten en Filantropische Focus<\/h3>\n\n\n\n<p>Naast de studie van het Spiritisme, voert de Vereniging Spiritistische Groep J.G. Plate <strong>filantropische, morele en spirituele activiteiten<\/strong> uit, zoals vastgelegd in haar statuten. Onze activiteiten omvatten:<\/p>\n\n\n\n<ul class=\"wp-block-list\">\n<li>Ondersteuning van mensen in sociaal en emotioneel kwetsbare situaties;<\/li>\n\n\n\n<li>Luistergroepen en spirituele begeleiding op broederlijke basis;<\/li>\n\n\n\n<li>Liefdadigheidsevenementen, solidariteitscampagnes en samenwerking met lokale instellingen;<\/li>\n\n\n\n<li>Culturele en educatieve acties gebaseerd op spiritistische waarden zoals solidariteit, empathie en maatschappelijke verantwoordelijkheid.<\/li>\n<\/ul>\n\n\n\n<p>Ons doel is bij te dragen aan de <strong>innerlijke groei van elk individu<\/strong> en persoonlijke transformatie te stimuleren als weg naar een rechtvaardigere, bewustere en broederlijkere samenleving.<\/p>\n\n\n\n<h3 class=\"wp-block-heading\">Wettelijk vereiste ANBI-informatie:<\/h3>\n\n\n\n<ul class=\"wp-block-list\">\n<li><strong>Offici\u00eble naam<\/strong>: Vereniging Spiritistische Groep J.G. Plate<\/li>\n\n\n\n<li><strong>Naam in het Portugees<\/strong>: Associa\u00e7\u00e3o Esp\u00edrita J.G. Plate<\/li>\n\n\n\n<li><strong>KvK-nummer<\/strong>: 34203181<\/li>\n\n\n\n<li><strong>RSIN\/fiscaal nummer<\/strong>: 816812135<\/li>\n\n\n\n<li><strong>E-mailadres<\/strong>: <a>spiritisme@jgplate.nl<\/a><\/li>\n\n\n\n<li><strong>Telefoonnummer<\/strong>: +31 620 989673<\/li>\n\n\n\n<li><strong>Doelstelling (volgens de statuten)<\/strong>: Het bestuderen, beoefenen en verspreiden van het Spiritisme op basis van de werken van Allan Kardec, en het bevorderen van morele en spirituele groei via culturele, sociale en filantropische initiatieven.<\/li>\n<\/ul>\n\n\n\n<h3 class=\"wp-block-heading\">Beleid en Bestuur<\/h3>\n\n\n\n<p><strong>Huidig bestuur (termijn 2024\u20132026):<\/strong><\/p>\n\n\n\n<ul class=\"wp-block-list\">\n<li>Voorzitter: Beth Jatczak<\/li>\n\n\n\n<li>Secretaris: Raquel Moschini<\/li>\n\n\n\n<li>Adjunct-secretaris: Dorian Oliveira<\/li>\n\n\n\n<li>Penningmeester: Bruno Lino<\/li>\n\n\n\n<li>Adjunct-penningmeester: Ferdinando Bonetti<\/li>\n<\/ul>\n\n\n\n<p>Alle bestuursfuncties zijn <strong>vrijwillig en onbezoldigd<\/strong>, zoals bepaald in de statuten. Er zijn geen betaalde medewerkers of managers in dienst.<\/p>\n\n\n\n<h3 class=\"wp-block-heading\">Recent uitgevoerde activiteiten<\/h3>\n\n\n\n<ul class=\"wp-block-list\">\n<li>Samenwerking met andere spiritistische verenigingen voor studie- en hulpactiviteiten.<\/li>\n\n\n\n<li>Wekelijkse studie van de werken van Allan Kardec (fysiek en online);<\/li>\n\n\n\n<li>Broederlijke ondersteuning en spirituele luistergroepen;<\/li>\n\n\n\n<li>Broederlijke ondersteuning en spirituele luistergroepen;<\/li>\n<\/ul>\n\n\n\n<p><\/p>\n","protected":false},"excerpt":{"rendered":"<p>De Vereniging Spiritistische Groep J.G. Plate, opgericht op 26 juli 2000, is een non-profitorganisatie gevestigd in Amsterdam. Ge\u00efnspireerd door de beginselen van het Spiritisme zoals gecodificeerd door Allan Kardec, heeft de vereniging als doel om de spiritistische leer te bestuderen, te beoefenen, te verspreiden en de waarden ervan toe te passen in het dagelijks leven, [&hellip;]<\/p>\n","protected":false},"author":1,"featured_media":0,"parent":0,"menu_order":0,"comment_status":"closed","ping_status":"closed","template":"","meta":{"footnotes":""},"class_list":["post-36","page","type-page","status-publish","hentry"],"_links":{"self":[{"href":"https:\/\/jgplate.nl\/nl\/wp-json\/wp\/v2\/pages\/36","targetHints":{"allow":["GET"]}}],"collection":[{"href":"https:\/\/jgplate.nl\/nl\/wp-json\/wp\/v2\/pages"}],"about":[{"href":"https:\/\/jgplate.nl\/nl\/wp-json\/wp\/v2\/types\/page"}],"author":[{"embeddable":true,"href":"https:\/\/jgplate.nl\/nl\/wp-json\/wp\/v2\/users\/1"}],"replies":[{"embeddable":true,"href":"https:\/\/jgplate.nl\/nl\/wp-json\/wp\/v2\/comments?post=36"}],"version-history":[{"count":3,"href":"https:\/\/jgplate.nl\/nl\/wp-json\/wp\/v2\/pages\/36\/revisions"}],"predecessor-version":[{"id":77,"href":"https:\/\/jgplate.nl\/nl\/wp-json\/wp\/v2\/pages\/36\/revisions\/77"}],"wp:attachment":[{"href":"https:\/\/jgplate.nl\/nl\/wp-json\/wp\/v2\/media?parent=36"}],"curies":[{"name":"wp","href":"https:\/\/api.w.org\/{rel}","templated":true}]}}