{"id":132,"date":"2024-12-27T10:09:02","date_gmt":"2024-12-27T13:09:02","guid":{"rendered":"https:\/\/jgplate.nl\/pt\/?page_id=132"},"modified":"2025-01-20T16:32:01","modified_gmt":"2025-01-20T19:32:01","slug":"curso-para-iniciantes","status":"publish","type":"page","link":"https:\/\/jgplate.nl\/pt\/curso-para-iniciantes\/","title":{"rendered":"Curso para Iniciantes"},"content":{"rendered":"\n<h2 class=\"wp-block-heading\">Curso: O Espiritismo em Poucas Palavras<\/h2>\n\n\n\n<p>15 Encontros para Conhecer e Entender os Fundamentos da Doutrina Esp\u00edrita<\/p>\n\n\n\n<h4 class=\"wp-block-heading\"><strong>Sobre o Curso<\/strong><\/h4>\n\n\n\n<p>Este curso oferece uma introdu\u00e7\u00e3o sistem\u00e1tica e sequencial ao Espiritismo, abordando os pontos principais da Doutrina Esp\u00edrita de forma clara e objetiva. Em 15 aulas, voc\u00ea ter\u00e1 acesso a:<\/p>\n\n\n\n<ul class=\"wp-block-list\">\n<li><strong>Textos-s\u00edntese<\/strong> sobre os temas abordados.<\/li>\n\n\n\n<li><strong>Sugest\u00f5es de estrutura completa<\/strong> para debates e reflex\u00f5es.<\/li>\n\n\n\n<li><strong>Indica\u00e7\u00f5es bibliogr\u00e1ficas complementares<\/strong> para aprofundar o aprendizado.<\/li>\n<\/ul>\n\n\n\n<p>Ideal para iniciantes que desejam uma vis\u00e3o abrangente e bem fundamentada da Doutrina Esp\u00edrita, este programa promove um entendimento b\u00e1sico e prepara o aluno para futuros estudos mais aprofundados.<\/p>\n\n\n\n<h4 class=\"wp-block-heading\"><strong>P\u00fablico-Alvo<\/strong><\/h4>\n\n\n\n<ul class=\"wp-block-list\">\n<li>Interessados em conhecer os fundamentos do Espiritismo.<\/li>\n\n\n\n<li>Pessoas que desejam iniciar-se na Doutrina Esp\u00edrita de forma estruturada e met\u00f3dica.<\/li>\n<\/ul>\n\n\n\n<h4 class=\"wp-block-heading\"><strong>Detalhes do Curso<\/strong><\/h4>\n\n\n\n<p>\u23f3 <strong>Dura\u00e7\u00e3o:<\/strong> 15 encontros<br>\ud83d\udccd <strong>Local:<\/strong> Online<br>Turma 1o. Semestre &#8211; Inscri\u00e7\u00f5es Encerradas.<br>Se inscreva para o 2o. Semestre.<\/p>\n\n\n\n<h4 class=\"wp-block-heading\">Se inscreva abaixo ou pelo WhatApp.<\/h4>\n\n\n\n<div class=\"wp-block-columns is-layout-flex wp-container-core-columns-is-layout-28f84493 wp-block-columns-is-layout-flex\">\n<div class=\"wp-block-column is-layout-flow wp-block-column-is-layout-flow\" style=\"flex-basis:70%\"><div class=\"wpforms-container wpforms-container-full wpforms-block wpforms-block-f162542d-dabd-4b0e-a91b-8963f409fc5b wpforms-render-modern\" id=\"wpforms-134\"><form id=\"wpforms-form-134\" class=\"wpforms-validate wpforms-form wpforms-ajax-form\" data-formid=\"134\" method=\"post\" enctype=\"multipart\/form-data\" action=\"\/pt\/wp-json\/wp\/v2\/pages\/132\" data-token=\"bb3bdd14b1a37df2464f31ee18407809\" data-token-time=\"1775410022\"><noscript class=\"wpforms-error-noscript\">Ative o JavaScript no seu navegador para preencher este formul\u00e1rio.<\/noscript><div id=\"wpforms-error-noscript\" style=\"display: none;\">Ative o JavaScript no seu navegador para preencher este formul\u00e1rio.<\/div><div class=\"wpforms-field-container\"><div id=\"wpforms-134-field_1-container\" class=\"wpforms-field wpforms-field-name\" data-field-id=\"1\"><label class=\"wpforms-field-label\" for=\"wpforms-134-field_1\">Name <span class=\"wpforms-required-label\" aria-hidden=\"true\">*<\/span><\/label><input type=\"text\" id=\"wpforms-134-field_1\" class=\"wpforms-field-medium wpforms-field-required\" name=\"wpforms[fields][1]\" aria-errormessage=\"wpforms-134-field_1-error\" required><\/div><div id=\"wpforms-134-field_2-container\" class=\"wpforms-field wpforms-field-email\" data-field-id=\"2\"><label class=\"wpforms-field-label\" for=\"wpforms-134-field_2\">Email <span class=\"wpforms-required-label\" aria-hidden=\"true\">*<\/span><\/label><input type=\"email\" id=\"wpforms-134-field_2\" class=\"wpforms-field-medium wpforms-field-required\" name=\"wpforms[fields][2]\" spellcheck=\"false\" aria-errormessage=\"wpforms-134-field_2-error\" required><\/div>\t\t<div id=\"wpforms-134-field_3-container\"\n\t\t\tclass=\"wpforms-field wpforms-field-text\"\n\t\t\tdata-field-type=\"text\"\n\t\t\tdata-field-id=\"3\"\n\t\t\t>\n\t\t\t<label class=\"wpforms-field-label\" for=\"wpforms-134-field_3\" >Telefone Name Email<\/label>\n\t\t\t<input type=\"text\" id=\"wpforms-134-field_3\" class=\"wpforms-field-medium\" name=\"wpforms[fields][3]\" >\n\t\t<\/div>\n\t\t<div id=\"wpforms-134-field_4-container\" class=\"wpforms-field wpforms-field-number\" data-field-id=\"4\"><label class=\"wpforms-field-label\" for=\"wpforms-134-field_4\">Telefone <span class=\"wpforms-required-label\" aria-hidden=\"true\">*<\/span><\/label><input type=\"number\" id=\"wpforms-134-field_4\" class=\"wpforms-field-medium wpforms-field-required\" name=\"wpforms[fields][4]\" step=\"any\" aria-errormessage=\"wpforms-134-field_4-error\" required><\/div><script>\n\t\t\t\t( function() {\n\t\t\t\t\tconst style = document.createElement( 'style' );\n\t\t\t\t\tstyle.appendChild( document.createTextNode( '#wpforms-134-field_3-container { position: absolute !important; overflow: hidden !important; display: inline !important; height: 1px !important; width: 1px !important; z-index: -1000 !important; padding: 0 !important; } #wpforms-134-field_3-container input { visibility: hidden; } #wpforms-conversational-form-page #wpforms-134-field_3-container label { counter-increment: none; }' ) );\n\t\t\t\t\tdocument.head.appendChild( style );\n\t\t\t\t\tdocument.currentScript?.remove();\n\t\t\t\t} )();\n\t\t\t<\/script><\/div><!-- .wpforms-field-container --><div class=\"wpforms-submit-container\" ><input type=\"hidden\" name=\"wpforms[id]\" value=\"134\"><input type=\"hidden\" name=\"page_title\" value=\"\"><input type=\"hidden\" name=\"page_url\" value=\"https:\/\/jgplate.nl\/pt\/wp-json\/wp\/v2\/pages\/132\"><input type=\"hidden\" name=\"url_referer\" value=\"\"><button type=\"submit\" name=\"wpforms[submit]\" id=\"wpforms-submit-134\" class=\"wpforms-submit\" data-alt-text=\"Enviando...\" data-submit-text=\"Enviar\" aria-live=\"assertive\" value=\"wpforms-submit\">Enviar<\/button><img loading=\"lazy\" decoding=\"async\" src=\"https:\/\/jgplate.nl\/pt\/wp-content\/plugins\/wpforms-lite\/assets\/images\/submit-spin.svg\" class=\"wpforms-submit-spinner\" style=\"display: none;\" width=\"26\" height=\"26\" alt=\"Carregando\"><\/div><\/form><\/div>  <!-- .wpforms-container --><\/div>\n\n\n\n<div class=\"wp-block-column is-layout-flow wp-block-column-is-layout-flow\" style=\"flex-basis:30%\"><div class=\"nta_wa_button\" data-id=\"39\" data-info=\"{&quot;name&quot;:&quot;JG Plate&quot;,&quot;info&quot;:{&quot;number&quot;:&quot;+31620989673&quot;,&quot;title&quot;:&quot;Associa\\u00e7\\u00e3o Esp\\u00edrita JG Plate&quot;,&quot;predefinedText&quot;:&quot;&quot;,&quot;willBeBackText&quot;:&quot;I will be back in [njwa_time_work]&quot;,&quot;dayOffsText&quot;:&quot;I will be back soon&quot;,&quot;isAlwaysAvailable&quot;:&quot;ON&quot;,&quot;daysOfWeekWorking&quot;:{&quot;sunday&quot;:{&quot;isWorkingOnDay&quot;:&quot;OFF&quot;,&quot;workHours&quot;:[{&quot;startTime&quot;:&quot;08:00&quot;,&quot;endTime&quot;:&quot;17:30&quot;}]},&quot;monday&quot;:{&quot;isWorkingOnDay&quot;:&quot;OFF&quot;,&quot;workHours&quot;:[{&quot;startTime&quot;:&quot;08:00&quot;,&quot;endTime&quot;:&quot;17:30&quot;}]},&quot;tuesday&quot;:{&quot;isWorkingOnDay&quot;:&quot;OFF&quot;,&quot;workHours&quot;:[{&quot;startTime&quot;:&quot;08:00&quot;,&quot;endTime&quot;:&quot;17:30&quot;}]},&quot;wednesday&quot;:{&quot;isWorkingOnDay&quot;:&quot;OFF&quot;,&quot;workHours&quot;:[{&quot;startTime&quot;:&quot;08:00&quot;,&quot;endTime&quot;:&quot;17:30&quot;}]},&quot;thursday&quot;:{&quot;isWorkingOnDay&quot;:&quot;OFF&quot;,&quot;workHours&quot;:[{&quot;startTime&quot;:&quot;08:00&quot;,&quot;endTime&quot;:&quot;17:30&quot;}]},&quot;friday&quot;:{&quot;isWorkingOnDay&quot;:&quot;OFF&quot;,&quot;workHours&quot;:[{&quot;startTime&quot;:&quot;08:00&quot;,&quot;endTime&quot;:&quot;17:30&quot;}]},&quot;saturday&quot;:{&quot;isWorkingOnDay&quot;:&quot;OFF&quot;,&quot;workHours&quot;:[{&quot;startTime&quot;:&quot;08:00&quot;,&quot;endTime&quot;:&quot;17:30&quot;}]}}},&quot;styles&quot;:{&quot;type&quot;:&quot;round&quot;,&quot;backgroundColor&quot;:&quot;#2DB742&quot;,&quot;textColor&quot;:&quot;#fff&quot;,&quot;label&quot;:&quot;Fale Conosco&quot;,&quot;width&quot;:300,&quot;height&quot;:64},&quot;avatar&quot;:false,&quot;options&quot;:{&quot;display&quot;:{&quot;displayCondition&quot;:&quot;showAllPage&quot;,&quot;includePages&quot;:[],&quot;excludePages&quot;:[],&quot;includePosts&quot;:[],&quot;showOnDesktop&quot;:&quot;ON&quot;,&quot;showOnMobile&quot;:&quot;ON&quot;,&quot;time_symbols&quot;:&quot;h:m&quot;},&quot;styles&quot;:{&quot;title&quot;:&quot;Fale Conosco&quot;,&quot;responseText&quot;:&quot;N\\u00f3s te responderemos o mais r\\u00e1pido poss\\u00edvel.&quot;,&quot;description&quot;:&quot;Ol\\u00e1! Nos mande uma mensagem pelo Whatsapp.&quot;,&quot;backgroundColor&quot;:&quot;#2db742&quot;,&quot;textColor&quot;:&quot;#fff&quot;,&quot;titleSize&quot;:&quot;18&quot;,&quot;accountNameSize&quot;:&quot;14&quot;,&quot;descriptionTextSize&quot;:&quot;12&quot;,&quot;regularTextSize&quot;:&quot;11&quot;,&quot;scrollHeight&quot;:&quot;500&quot;,&quot;isShowScroll&quot;:&quot;OFF&quot;,&quot;isShowResponseText&quot;:&quot;OFF&quot;,&quot;btnLabel&quot;:&quot;&quot;,&quot;btnLabelWidth&quot;:&quot;156&quot;,&quot;btnPosition&quot;:&quot;right&quot;,&quot;btnLeftDistance&quot;:&quot;30&quot;,&quot;btnRightDistance&quot;:&quot;30&quot;,&quot;btnBottomDistance&quot;:&quot;30&quot;,&quot;isShowBtnLabel&quot;:&quot;OFF&quot;,&quot;isShowGDPR&quot;:&quot;OFF&quot;,&quot;gdprContent&quot;:&quot;Please accept our &lt;a href=\\&quot;https:\\\/\\\/ninjateam.org\\\/privacy-policy\\\/\\&quot;&gt;privacy policy&lt;\\\/a&gt; first to start a conversation.&quot;,&quot;isShowPoweredBy&quot;:&quot;ON&quot;},&quot;analytics&quot;:{&quot;enabledGoogle&quot;:&quot;OFF&quot;,&quot;enabledFacebook&quot;:&quot;OFF&quot;,&quot;enabledGoogleGA4&quot;:&quot;OFF&quot;}},&quot;gdprStatus&quot;:false,&quot;defaultAvatar&quot;:&quot;https:\\\/\\\/jgplate.nl\\\/pt\\\/wp-content\\\/plugins\\\/wp-whatsapp\\\/assets\\\/img\\\/whatsapp_logo.svg&quot;}\"><\/div><\/div>\n<\/div>\n","protected":false},"excerpt":{"rendered":"<p>Curso: O Espiritismo em Poucas Palavras 15 Encontros para Conhecer e Entender os Fundamentos da Doutrina Esp\u00edrita Sobre o Curso Este curso oferece uma introdu\u00e7\u00e3o sistem\u00e1tica e sequencial ao Espiritismo, abordando os pontos principais da Doutrina Esp\u00edrita de forma clara e objetiva. Em 15 aulas, voc\u00ea ter\u00e1 acesso a: Ideal para iniciantes que desejam uma [&hellip;]<\/p>\n","protected":false},"author":1,"featured_media":0,"parent":0,"menu_order":0,"comment_status":"closed","ping_status":"closed","template":"","meta":{"footnotes":""},"class_list":["post-132","page","type-page","status-publish","hentry"],"_links":{"self":[{"href":"https:\/\/jgplate.nl\/pt\/wp-json\/wp\/v2\/pages\/132","targetHints":{"allow":["GET"]}}],"collection":[{"href":"https:\/\/jgplate.nl\/pt\/wp-json\/wp\/v2\/pages"}],"about":[{"href":"https:\/\/jgplate.nl\/pt\/wp-json\/wp\/v2\/types\/page"}],"author":[{"embeddable":true,"href":"https:\/\/jgplate.nl\/pt\/wp-json\/wp\/v2\/users\/1"}],"replies":[{"embeddable":true,"href":"https:\/\/jgplate.nl\/pt\/wp-json\/wp\/v2\/comments?post=132"}],"version-history":[{"count":7,"href":"https:\/\/jgplate.nl\/pt\/wp-json\/wp\/v2\/pages\/132\/revisions"}],"predecessor-version":[{"id":157,"href":"https:\/\/jgplate.nl\/pt\/wp-json\/wp\/v2\/pages\/132\/revisions\/157"}],"wp:attachment":[{"href":"https:\/\/jgplate.nl\/pt\/wp-json\/wp\/v2\/media?parent=132"}],"curies":[{"name":"wp","href":"https:\/\/api.w.org\/{rel}","templated":true}]}}