{"id":141,"date":"2024-12-27T11:42:22","date_gmt":"2024-12-27T14:42:22","guid":{"rendered":"https:\/\/jgplate.nl\/pt\/?page_id=141"},"modified":"2025-01-31T18:29:31","modified_gmt":"2025-01-31T21:29:31","slug":"clube-do-livro","status":"publish","type":"page","link":"https:\/\/jgplate.nl\/pt\/clube-do-livro\/","title":{"rendered":"Clube do Livro"},"content":{"rendered":"\n<h2 class=\"wp-block-heading\">Leitura, Reflex\u00e3o e Compartilhamento de Ideias<\/h2>\n\n\n\n<h4 class=\"wp-block-heading\"><strong>O que \u00e9 o Clube do Livro?<\/strong><\/h4>\n\n\n\n<p>Um espa\u00e7o acolhedor para quem deseja explorar obras esp\u00edritas em grupo, refletir sobre seus ensinamentos e compartilhar experi\u00eancias. Os participantes escolhem um livro para ser lido e discutido, promovendo aprendizado m\u00fatuo e troca de viv\u00eancias.<\/p>\n\n\n\n<h4 class=\"wp-block-heading\"><strong>Como Funciona?<\/strong><\/h4>\n\n\n\n<ul class=\"wp-block-list\">\n<li>\ud83d\udcda <strong>Livro do M\u00eas:<\/strong> Escolhido pelos membros do grupo.<\/li>\n\n\n\n<li>\ud83c\udf0d <strong>Encontros Itinerantes:<\/strong> In\u00edcio em formato online, com a proposta de encontros variados no futuro.<\/li>\n\n\n\n<li>\ud83d\udcac <strong>Discuss\u00f5es Ricas:<\/strong> Reflex\u00f5es coletivas sobre as mensagens do livro.<\/li>\n<\/ul>\n\n\n\n<h4 class=\"wp-block-heading\"><strong>Datas<\/strong><\/h4>\n\n\n\n<p>\ud83d\udcdd <strong>Inscri\u00e7\u00f5es<\/strong>: at\u00e9 <strong>15\/02<\/strong><\/p>\n\n\n\n<p>\ud83d\udda5 <strong>Encontro Online<\/strong>: <strong>17\/02<\/strong><br>Neste encontro, vamos nos conhecer melhor, compartilhar informa\u00e7\u00f5es importantes sobre como o grupo funcionar\u00e1, decidir o local e hor\u00e1rio de encerramento do primeiro t\u00edtulo e esclarecer d\u00favidas. At\u00e9 l\u00e1, todos os inscritos estar\u00e3o no grupo de WhatsApp do clube e ter\u00e3o acesso ao link da sala virtual.<\/p>\n\n\n\n<p>\ud83d\udcda <strong>Encerramento do 1\u00ba t\u00edtulo<\/strong>:<br>\ud83d\udcc5 <strong>Data<\/strong>: 22\/03<br>\ud83d\udccd <strong>Local<\/strong>: A ser decidido pelo grupo.<\/p>\n\n\n\n<p>\ud83d\udcd6 <strong>Escolha do Primeiro T\u00edtulo<\/strong><br>A escolha do primeiro livro ser\u00e1 feita pelos membros que se inscreverem at\u00e9 <strong>30\/01<\/strong>. Mas n\u00e3o se preocupem! Aqueles que se inscreverem ap\u00f3s essa data ainda poder\u00e3o votar no t\u00edtulo que mais gostarem, e seus votos ser\u00e3o considerados para a escolha do segundo t\u00edtulo e assim por diante.<\/p>\n\n\n\n<h4 class=\"wp-block-heading\"><strong>Por que Participar?<\/strong><\/h4>\n\n\n\n<ul class=\"wp-block-list\">\n<li>Conhe\u00e7a novos livros e ideias.<\/li>\n\n\n\n<li>Troque experi\u00eancias com outros leitores.<\/li>\n\n\n\n<li>Amplie sua compreens\u00e3o da Doutrina Esp\u00edrita.<\/li>\n<\/ul>\n\n\n\n<p>\ud83d\udcd6 <strong>Junte-se a n\u00f3s e venha explorar o mundo da literatura esp\u00edrita!<\/strong><\/p>\n\n\n\n<p>Se inscreve abaixo ou pelo WhatApp.<\/p>\n\n\n\n<div class=\"wp-block-columns is-layout-flex wp-container-core-columns-is-layout-9c22b1e3 wp-block-columns-is-layout-flex\">\n<div class=\"wp-block-column is-layout-flow wp-block-column-is-layout-flow\" style=\"flex-basis:70%\">\n<center><iframe loading=\"lazy\" src=\"https:\/\/docs.google.com\/forms\/d\/e\/1FAIpQLSek-4cJjahBitOgYeqU0BgInl2u4-Jv6e3doww9C0p2y1qrBQ\/viewform?embedded=true\" width=\"640\" height=\"1520\" frameborder=\"0\" marginheight=\"0\" marginwidth=\"0\">Loading\u2026<\/iframe><\/center>\n<\/div>\n\n\n\n<div class=\"wp-block-column is-layout-flow wp-block-column-is-layout-flow\" style=\"flex-basis:30%\"><div class=\"nta_wa_button\" data-id=\"39\" data-info=\"{&quot;name&quot;:&quot;JG Plate&quot;,&quot;info&quot;:{&quot;number&quot;:&quot;+31620989673&quot;,&quot;title&quot;:&quot;Associa\\u00e7\\u00e3o Esp\\u00edrita JG Plate&quot;,&quot;predefinedText&quot;:&quot;&quot;,&quot;willBeBackText&quot;:&quot;I will be back in [njwa_time_work]&quot;,&quot;dayOffsText&quot;:&quot;I will be back soon&quot;,&quot;isAlwaysAvailable&quot;:&quot;ON&quot;,&quot;daysOfWeekWorking&quot;:{&quot;sunday&quot;:{&quot;isWorkingOnDay&quot;:&quot;OFF&quot;,&quot;workHours&quot;:[{&quot;startTime&quot;:&quot;08:00&quot;,&quot;endTime&quot;:&quot;17:30&quot;}]},&quot;monday&quot;:{&quot;isWorkingOnDay&quot;:&quot;OFF&quot;,&quot;workHours&quot;:[{&quot;startTime&quot;:&quot;08:00&quot;,&quot;endTime&quot;:&quot;17:30&quot;}]},&quot;tuesday&quot;:{&quot;isWorkingOnDay&quot;:&quot;OFF&quot;,&quot;workHours&quot;:[{&quot;startTime&quot;:&quot;08:00&quot;,&quot;endTime&quot;:&quot;17:30&quot;}]},&quot;wednesday&quot;:{&quot;isWorkingOnDay&quot;:&quot;OFF&quot;,&quot;workHours&quot;:[{&quot;startTime&quot;:&quot;08:00&quot;,&quot;endTime&quot;:&quot;17:30&quot;}]},&quot;thursday&quot;:{&quot;isWorkingOnDay&quot;:&quot;OFF&quot;,&quot;workHours&quot;:[{&quot;startTime&quot;:&quot;08:00&quot;,&quot;endTime&quot;:&quot;17:30&quot;}]},&quot;friday&quot;:{&quot;isWorkingOnDay&quot;:&quot;OFF&quot;,&quot;workHours&quot;:[{&quot;startTime&quot;:&quot;08:00&quot;,&quot;endTime&quot;:&quot;17:30&quot;}]},&quot;saturday&quot;:{&quot;isWorkingOnDay&quot;:&quot;OFF&quot;,&quot;workHours&quot;:[{&quot;startTime&quot;:&quot;08:00&quot;,&quot;endTime&quot;:&quot;17:30&quot;}]}}},&quot;styles&quot;:{&quot;type&quot;:&quot;round&quot;,&quot;backgroundColor&quot;:&quot;#2DB742&quot;,&quot;textColor&quot;:&quot;#fff&quot;,&quot;label&quot;:&quot;Fale Conosco&quot;,&quot;width&quot;:300,&quot;height&quot;:64},&quot;avatar&quot;:false,&quot;options&quot;:{&quot;display&quot;:{&quot;displayCondition&quot;:&quot;showAllPage&quot;,&quot;includePages&quot;:[],&quot;excludePages&quot;:[],&quot;includePosts&quot;:[],&quot;showOnDesktop&quot;:&quot;ON&quot;,&quot;showOnMobile&quot;:&quot;ON&quot;,&quot;time_symbols&quot;:&quot;h:m&quot;},&quot;styles&quot;:{&quot;title&quot;:&quot;Fale Conosco&quot;,&quot;responseText&quot;:&quot;N\\u00f3s te responderemos o mais r\\u00e1pido poss\\u00edvel.&quot;,&quot;description&quot;:&quot;Ol\\u00e1! Nos mande uma mensagem pelo Whatsapp.&quot;,&quot;backgroundColor&quot;:&quot;#2db742&quot;,&quot;textColor&quot;:&quot;#fff&quot;,&quot;titleSize&quot;:&quot;18&quot;,&quot;accountNameSize&quot;:&quot;14&quot;,&quot;descriptionTextSize&quot;:&quot;12&quot;,&quot;regularTextSize&quot;:&quot;11&quot;,&quot;scrollHeight&quot;:&quot;500&quot;,&quot;isShowScroll&quot;:&quot;OFF&quot;,&quot;isShowResponseText&quot;:&quot;OFF&quot;,&quot;btnLabel&quot;:&quot;&quot;,&quot;btnLabelWidth&quot;:&quot;156&quot;,&quot;btnPosition&quot;:&quot;right&quot;,&quot;btnLeftDistance&quot;:&quot;30&quot;,&quot;btnRightDistance&quot;:&quot;30&quot;,&quot;btnBottomDistance&quot;:&quot;30&quot;,&quot;isShowBtnLabel&quot;:&quot;OFF&quot;,&quot;isShowGDPR&quot;:&quot;OFF&quot;,&quot;gdprContent&quot;:&quot;Please accept our &lt;a href=\\&quot;https:\\\/\\\/ninjateam.org\\\/privacy-policy\\\/\\&quot;&gt;privacy policy&lt;\\\/a&gt; first to start a conversation.&quot;,&quot;isShowPoweredBy&quot;:&quot;ON&quot;},&quot;analytics&quot;:{&quot;enabledGoogle&quot;:&quot;OFF&quot;,&quot;enabledFacebook&quot;:&quot;OFF&quot;,&quot;enabledGoogleGA4&quot;:&quot;OFF&quot;}},&quot;gdprStatus&quot;:false,&quot;defaultAvatar&quot;:&quot;https:\\\/\\\/jgplate.nl\\\/pt\\\/wp-content\\\/plugins\\\/wp-whatsapp\\\/assets\\\/img\\\/whatsapp_logo.svg&quot;}\"><\/div><\/div>\n<\/div>\n","protected":false},"excerpt":{"rendered":"<p>Leitura, Reflex\u00e3o e Compartilhamento de Ideias O que \u00e9 o Clube do Livro? Um espa\u00e7o acolhedor para quem deseja explorar obras esp\u00edritas em grupo, refletir sobre seus ensinamentos e compartilhar experi\u00eancias. Os participantes escolhem um livro para ser lido e discutido, promovendo aprendizado m\u00fatuo e troca de viv\u00eancias. Como Funciona? Datas \ud83d\udcdd Inscri\u00e7\u00f5es: at\u00e9 15\/02 [&hellip;]<\/p>\n","protected":false},"author":1,"featured_media":0,"parent":0,"menu_order":0,"comment_status":"closed","ping_status":"closed","template":"","meta":{"footnotes":""},"class_list":["post-141","page","type-page","status-publish","hentry"],"_links":{"self":[{"href":"https:\/\/jgplate.nl\/pt\/wp-json\/wp\/v2\/pages\/141","targetHints":{"allow":["GET"]}}],"collection":[{"href":"https:\/\/jgplate.nl\/pt\/wp-json\/wp\/v2\/pages"}],"about":[{"href":"https:\/\/jgplate.nl\/pt\/wp-json\/wp\/v2\/types\/page"}],"author":[{"embeddable":true,"href":"https:\/\/jgplate.nl\/pt\/wp-json\/wp\/v2\/users\/1"}],"replies":[{"embeddable":true,"href":"https:\/\/jgplate.nl\/pt\/wp-json\/wp\/v2\/comments?post=141"}],"version-history":[{"count":3,"href":"https:\/\/jgplate.nl\/pt\/wp-json\/wp\/v2\/pages\/141\/revisions"}],"predecessor-version":[{"id":224,"href":"https:\/\/jgplate.nl\/pt\/wp-json\/wp\/v2\/pages\/141\/revisions\/224"}],"wp:attachment":[{"href":"https:\/\/jgplate.nl\/pt\/wp-json\/wp\/v2\/media?parent=141"}],"curies":[{"name":"wp","href":"https:\/\/api.w.org\/{rel}","templated":true}]}}