{"id":246,"date":"2025-03-10T13:27:48","date_gmt":"2025-03-10T16:27:48","guid":{"rendered":"https:\/\/jgplate.nl\/pt\/?page_id=246"},"modified":"2025-03-10T13:27:48","modified_gmt":"2025-03-10T16:27:48","slug":"eventos","status":"publish","type":"page","link":"https:\/\/jgplate.nl\/pt\/eventos\/","title":{"rendered":"Eventos"},"content":{"rendered":"\n<div class=\"wp-block-group alignfull has-global-padding is-layout-constrained wp-block-group-is-layout-constrained\" style=\"margin-top:0px;margin-bottom:0px;padding-top:var(--wp--preset--spacing--xx-large);padding-bottom:var(--wp--preset--spacing--xx-large)\">\n<div class=\"wp-block-group alignwide is-layout-flow wp-block-group-is-layout-flow\">\n<div class=\"wp-block-query is-layout-flow wp-block-query-is-layout-flow\"><ul class=\"columns-3 wp-block-post-template is-layout-grid wp-container-core-post-template-is-layout-6d3fbd8f wp-block-post-template-is-layout-grid\"><li class=\"wp-block-post post-264 post type-post status-publish format-standard hentry category-sem-categoria\">\n\n<div class=\"wp-block-group is-layout-flow wp-block-group-is-layout-flow\" style=\"padding-bottom:var(--wp--preset--spacing--medium)\">\n\n<h2 class=\"wp-block-post-title has-medium-font-size\"><a href=\"https:\/\/jgplate.nl\/pt\/2025\/03\/10\/26-03-25-ansiedade-e-felicidade\/\" target=\"_self\" >26-03-25 &#8211; Ansiedade e Felicidade<\/a><\/h2><\/div>\n\n<\/li><li class=\"wp-block-post post-261 post type-post status-publish format-standard hentry category-sem-categoria\">\n\n<div class=\"wp-block-group is-layout-flow wp-block-group-is-layout-flow\" style=\"padding-bottom:var(--wp--preset--spacing--medium)\">\n\n<h2 class=\"wp-block-post-title has-medium-font-size\"><a href=\"https:\/\/jgplate.nl\/pt\/2025\/03\/10\/27-03-25-em-busca-da-iluminacao-interior-atraves-do-autoconhecimento\/\" target=\"_self\" >27-03-25 &#8211; Em busca da ilumina\u00e7\u00e3o interior atrav\u00e9s do autoconhecimento<\/a><\/h2><\/div>\n\n<\/li><li class=\"wp-block-post post-227 post type-post status-publish format-standard hentry category-eventos\">\n\n<div class=\"wp-block-group is-layout-flow wp-block-group-is-layout-flow\" style=\"padding-bottom:var(--wp--preset--spacing--medium)\">\n\n<h2 class=\"wp-block-post-title has-medium-font-size\"><a href=\"https:\/\/jgplate.nl\/pt\/2025\/03\/09\/transforme-sua-vida-com-roberto-barbosa\/\" target=\"_self\" >04-04-25 &#8211; Dr. Fritz &#8211; Cura Espiritual<\/a><\/h2><\/div>\n\n<\/li><li class=\"wp-block-post post-256 post type-post status-publish format-standard hentry category-eventos\">\n\n<div class=\"wp-block-group is-layout-flow wp-block-group-is-layout-flow\" style=\"padding-bottom:var(--wp--preset--spacing--medium)\">\n\n<h2 class=\"wp-block-post-title has-medium-font-size\"><a href=\"https:\/\/jgplate.nl\/pt\/2025\/03\/07\/6-de-abril-de-2025-dr-fritz-cura-espiritual\/\" target=\"_self\" >06-04-25 &#8211; Dr. Fritz &#8211; Cura Espiritual<\/a><\/h2><\/div>\n\n<\/li><\/ul>\n\n\n\n<\/div>\n<\/div>\n<\/div>\n","protected":false},"excerpt":{"rendered":"","protected":false},"author":1,"featured_media":0,"parent":0,"menu_order":0,"comment_status":"closed","ping_status":"closed","template":"","meta":{"footnotes":""},"class_list":["post-246","page","type-page","status-publish","hentry"],"_links":{"self":[{"href":"https:\/\/jgplate.nl\/pt\/wp-json\/wp\/v2\/pages\/246","targetHints":{"allow":["GET"]}}],"collection":[{"href":"https:\/\/jgplate.nl\/pt\/wp-json\/wp\/v2\/pages"}],"about":[{"href":"https:\/\/jgplate.nl\/pt\/wp-json\/wp\/v2\/types\/page"}],"author":[{"embeddable":true,"href":"https:\/\/jgplate.nl\/pt\/wp-json\/wp\/v2\/users\/1"}],"replies":[{"embeddable":true,"href":"https:\/\/jgplate.nl\/pt\/wp-json\/wp\/v2\/comments?post=246"}],"version-history":[{"count":2,"href":"https:\/\/jgplate.nl\/pt\/wp-json\/wp\/v2\/pages\/246\/revisions"}],"predecessor-version":[{"id":252,"href":"https:\/\/jgplate.nl\/pt\/wp-json\/wp\/v2\/pages\/246\/revisions\/252"}],"wp:attachment":[{"href":"https:\/\/jgplate.nl\/pt\/wp-json\/wp\/v2\/media?parent=246"}],"curies":[{"name":"wp","href":"https:\/\/api.w.org\/{rel}","templated":true}]}}