{"id":44,"date":"2024-12-22T15:09:03","date_gmt":"2024-12-22T18:09:03","guid":{"rendered":"https:\/\/jgplate.nl\/pt\/?page_id=44"},"modified":"2025-11-17T21:53:00","modified_gmt":"2025-11-18T00:53:00","slug":"reunioes","status":"publish","type":"page","link":"https:\/\/jgplate.nl\/pt\/reunioes\/","title":{"rendered":"Reuni\u00f5es P\u00fablicas"},"content":{"rendered":"\n<h2 class=\"wp-block-heading\">Quartas-feiras, das 20:00 \u00e0s 21:00<\/h2>\n\n\n\n<div class=\"wp-block-columns is-layout-flex wp-container-core-columns-is-layout-28f84493 wp-block-columns-is-layout-flex\">\n<div class=\"wp-block-column is-layout-flow wp-block-column-is-layout-flow\" style=\"flex-basis:50%\">\n<h4 class=\"wp-block-heading\"><strong>Formato das Reuni\u00f5es<\/strong>:<\/h4>\n\n\n\n<p><strong>Link para participar<\/strong>:<br><a href=\"https:\/\/jgplate.nl\/online\"><strong>jgplate.nl\/online<\/strong><\/a><br>Reuni\u00e3o aberta a todas as pessoas.<\/p>\n\n\n\n<ul class=\"wp-block-list\">\n<li><strong>H\u00edbridas<\/strong>: Presencial e online (semanas alternadas)<\/li>\n\n\n\n<li><strong>Somente Online<\/strong>: Algumas semanas, conforme o calend\u00e1rio.<\/li>\n<\/ul>\n\n\n\n<h4 class=\"wp-block-heading\"><strong>Estudo e Palestras<\/strong>:<\/h4>\n\n\n\n<ul class=\"wp-block-list\">\n<li>Estudo do livro <em>O Evangelho Segundo o Espiritismo<\/em>.<\/li>\n\n\n\n<li>Palestras abordando temas esp\u00edritas.<\/li>\n<\/ul>\n<\/div>\n\n\n\n<div class=\"wp-block-column is-layout-flow wp-block-column-is-layout-flow\">\n<h4 class=\"wp-block-heading\"><strong>Calend\u00e1rio de Reuni\u00f5es<\/strong>:<\/h4>\n\n\n\n<iframe loading=\"lazy\" src=\"https:\/\/calendar.google.com\/calendar\/embed?height=800&#038;wkst=1&#038;ctz=Europe%2FAmsterdam&#038;showPrint=0&#038;hl=pt_BR&#038;showTitle=0&#038;showCalendars=0&#038;showNav=0&#038;showTabs=0&#038;mode=AGENDA&#038;src=c_0f8f7e2833f012b4aac3adf206d653ee1d9761af0378f4e746f38f7d857a2cc0%40group.calendar.google.com&#038;color=%23C0CA33\" style=\"border-width:0\" width=\"500\" height=\"385\" frameborder=\"0\" scrolling=\"no\"><\/iframe>\n<\/div>\n<\/div>\n\n\n\n<h4 class=\"wp-block-heading\"><strong>Instru\u00e7\u00f5es para Novos Participantes<\/strong>:<\/h4>\n\n\n\n<p>Pedimos que novos participantes entrem em contato com algum membro do grupo ou preencham o <a href=\"https:\/\/jgplate.nl\/pt\/contato\/\" data-type=\"page\" data-id=\"112\">formul\u00e1rio de contato<\/a> para serem apresentados \u00e0s atividades e \u00e0 din\u00e2mica das reuni\u00f5es.<\/p>\n\n\n\n<h4 class=\"wp-block-heading\"><strong>Grupo em Holand\u00eas<\/strong>:<\/h4>\n\n\n\n<p>Temos um estudo em Holand\u00eas no mesmo hor\u00e1rio!<br><a href=\"https:\/\/jgplate.nl\/nl\/studie-over-het-spiritisme\/\"><strong>Clique aqui<\/strong><\/a> para mais informa\u00e7\u00f5es sobre o grupo em Holand\u00eas.<\/p>\n\n\n\n<h4 class=\"wp-block-heading\"><strong>Acompanhe as Atividades<\/strong>:<\/h4>\n\n\n\n<ul class=\"wp-block-list\">\n<li><strong>Grupo no WhatsApp<\/strong>: Entre em contato para ser adicionado e ficar por dentro dos dias presenciais e online.<\/li>\n\n\n\n<li>Consulte o calend\u00e1rio abaixo para verificar quais semanas ser\u00e3o presenciais ou somente online.<\/li>\n<\/ul>\n","protected":false},"excerpt":{"rendered":"<p>Quartas-feiras, das 20:00 \u00e0s 21:00 Formato das Reuni\u00f5es: Link para participar:jgplate.nl\/onlineReuni\u00e3o aberta a todas as pessoas. Estudo e Palestras: Calend\u00e1rio de Reuni\u00f5es: Instru\u00e7\u00f5es para Novos Participantes: Pedimos que novos participantes entrem em contato com algum membro do grupo ou preencham o formul\u00e1rio de contato para serem apresentados \u00e0s atividades e \u00e0 din\u00e2mica das reuni\u00f5es. Grupo [&hellip;]<\/p>\n","protected":false},"author":1,"featured_media":0,"parent":0,"menu_order":0,"comment_status":"closed","ping_status":"closed","template":"","meta":{"footnotes":""},"class_list":["post-44","page","type-page","status-publish","hentry"],"_links":{"self":[{"href":"https:\/\/jgplate.nl\/pt\/wp-json\/wp\/v2\/pages\/44","targetHints":{"allow":["GET"]}}],"collection":[{"href":"https:\/\/jgplate.nl\/pt\/wp-json\/wp\/v2\/pages"}],"about":[{"href":"https:\/\/jgplate.nl\/pt\/wp-json\/wp\/v2\/types\/page"}],"author":[{"embeddable":true,"href":"https:\/\/jgplate.nl\/pt\/wp-json\/wp\/v2\/users\/1"}],"replies":[{"embeddable":true,"href":"https:\/\/jgplate.nl\/pt\/wp-json\/wp\/v2\/comments?post=44"}],"version-history":[{"count":6,"href":"https:\/\/jgplate.nl\/pt\/wp-json\/wp\/v2\/pages\/44\/revisions"}],"predecessor-version":[{"id":423,"href":"https:\/\/jgplate.nl\/pt\/wp-json\/wp\/v2\/pages\/44\/revisions\/423"}],"wp:attachment":[{"href":"https:\/\/jgplate.nl\/pt\/wp-json\/wp\/v2\/media?parent=44"}],"curies":[{"name":"wp","href":"https:\/\/api.w.org\/{rel}","templated":true}]}}