{"id":50,"date":"2024-12-22T17:30:06","date_gmt":"2024-12-22T20:30:06","guid":{"rendered":"https:\/\/jgplate.nl\/pt\/?page_id=50"},"modified":"2026-02-08T21:59:57","modified_gmt":"2026-02-09T00:59:57","slug":"jgplate","status":"publish","type":"page","link":"https:\/\/jgplate.nl\/pt\/jgplate\/","title":{"rendered":"J. G. Plate"},"content":{"rendered":"\n<div class=\"wp-block-columns is-layout-flex wp-container-core-columns-is-layout-28f84493 wp-block-columns-is-layout-flex\">\n<div class=\"wp-block-column is-layout-flow wp-block-column-is-layout-flow\" style=\"flex-basis:60%\">\n<p>Jean Guillaume Plate, nascido em 29 de abril de 1812 na prov\u00edncia de Zuid-Holland, nos Pa\u00edses Baixos, foi uma figura de grande relev\u00e2ncia para a dissemina\u00e7\u00e3o do espiritismo em seu pa\u00eds. Filho de Frederik Lodewijk Hendrik Plate e Henriette Brodier, Jean foi batizado em Rotterdam, onde se casou em 10 de novembro de 1837 com Johanna Theodora Wagenknecht. Ela nasceu em 27 de agosto de 1816, tamb\u00e9m em Rotterdam, e desencarnou em 24 de novembro de 1869.<\/p>\n\n\n\n<p>Jean Guillaume Plate, descrito como um homem de bem, dedicou os \u00faltimos anos de sua vida \u00e0 divulga\u00e7\u00e3o da doutrina esp\u00edrita. Sua contribui\u00e7\u00e3o mais significativa foi a tradu\u00e7\u00e3o das cinco obras fundamentais de Allan Kardec para o holand\u00eas. Al\u00e9m de traduzi-las, Plate imprimiu as obras \u00e0s suas pr\u00f3prias custas, demonstrando seu profundo compromisso em expandir o espiritismo nos Pa\u00edses Baixos, onde essas obras foram amplamente apreciadas.<\/p>\n<\/div>\n\n\n\n<div class=\"wp-block-column is-vertically-aligned-center is-layout-flow wp-block-column-is-layout-flow\">\n<figure class=\"wp-block-image alignright size-full is-resized\"><img loading=\"lazy\" decoding=\"async\" width=\"300\" height=\"380\" src=\"https:\/\/jgplate.nl\/pt\/wp-content\/uploads\/2026\/02\/JGP-AI2.jpg\" alt=\"\" class=\"wp-image-430\" style=\"width:376px;height:auto\" srcset=\"https:\/\/jgplate.nl\/pt\/wp-content\/uploads\/2026\/02\/JGP-AI2.jpg 300w, https:\/\/jgplate.nl\/pt\/wp-content\/uploads\/2026\/02\/JGP-AI2-237x300.jpg 237w\" sizes=\"auto, (max-width: 300px) 100vw, 300px\" \/><figcaption class=\"wp-element-caption\">Imagem gerada por Intelig\u00eancia Artificial<\/figcaption><\/figure>\n<\/div>\n<\/div>\n\n\n\n<p>Entre 1880 e 1885, Jean Guillaume Plate viveu na cidade de Arnhem, no endere\u00e7o Noordelijke Parallelweg 3 (atualmente Noordelijke Parallelweg 4). Ele desencarnou em 29 de dezembro de 1885, aos 73 anos, em Arnhem. Seus filhos, todos nascidos na Indon\u00e9sia (antiga col\u00f4nia neerlandesa Nederlands Oost Indi\u00eb), casaram-se entre 1869 e 1879.<\/p>\n\n\n\n<p>O legado de Jean Guillaume Plate na Holanda \u00e9 not\u00e1vel, especialmente pelo seu papel fundamental na tradu\u00e7\u00e3o e divulga\u00e7\u00e3o das obras de Kardec, contribuindo para a consolida\u00e7\u00e3o do espiritismo no pa\u00eds e ajudando a levar a mensagem esp\u00edrita a um p\u00fablico mais amplo.<\/p>\n","protected":false},"excerpt":{"rendered":"<p>Jean Guillaume Plate, nascido em 29 de abril de 1812 na prov\u00edncia de Zuid-Holland, nos Pa\u00edses Baixos, foi uma figura de grande relev\u00e2ncia para a dissemina\u00e7\u00e3o do espiritismo em seu pa\u00eds. Filho de Frederik Lodewijk Hendrik Plate e Henriette Brodier, Jean foi batizado em Rotterdam, onde se casou em 10 de novembro de 1837 com [&hellip;]<\/p>\n","protected":false},"author":1,"featured_media":0,"parent":0,"menu_order":0,"comment_status":"closed","ping_status":"closed","template":"","meta":{"footnotes":""},"class_list":["post-50","page","type-page","status-publish","hentry"],"_links":{"self":[{"href":"https:\/\/jgplate.nl\/pt\/wp-json\/wp\/v2\/pages\/50","targetHints":{"allow":["GET"]}}],"collection":[{"href":"https:\/\/jgplate.nl\/pt\/wp-json\/wp\/v2\/pages"}],"about":[{"href":"https:\/\/jgplate.nl\/pt\/wp-json\/wp\/v2\/types\/page"}],"author":[{"embeddable":true,"href":"https:\/\/jgplate.nl\/pt\/wp-json\/wp\/v2\/users\/1"}],"replies":[{"embeddable":true,"href":"https:\/\/jgplate.nl\/pt\/wp-json\/wp\/v2\/comments?post=50"}],"version-history":[{"count":6,"href":"https:\/\/jgplate.nl\/pt\/wp-json\/wp\/v2\/pages\/50\/revisions"}],"predecessor-version":[{"id":431,"href":"https:\/\/jgplate.nl\/pt\/wp-json\/wp\/v2\/pages\/50\/revisions\/431"}],"wp:attachment":[{"href":"https:\/\/jgplate.nl\/pt\/wp-json\/wp\/v2\/media?parent=50"}],"curies":[{"name":"wp","href":"https:\/\/api.w.org\/{rel}","templated":true}]}}