{"id":72,"date":"2024-12-22T18:01:46","date_gmt":"2024-12-22T21:01:46","guid":{"rendered":"https:\/\/jgplate.nl\/pt\/?page_id=72"},"modified":"2024-12-22T18:03:58","modified_gmt":"2024-12-22T21:03:58","slug":"quem-e-allan-kardec","status":"publish","type":"page","link":"https:\/\/jgplate.nl\/pt\/quem-e-allan-kardec\/","title":{"rendered":"Quem \u00e9 Allan Kardec?"},"content":{"rendered":"\n<div class=\"wp-block-columns is-layout-flex wp-container-core-columns-is-layout-65eef5bf wp-block-columns-is-layout-flex\">\n<div class=\"wp-block-column is-layout-flow wp-block-column-is-layout-flow\" style=\"flex-basis:60%\">\n<p>Allan Kardec, nascido Hippolyte L\u00e9on Denizard Rivail, em 1804, na cidade de Lyon, Fran\u00e7a, destacou-se desde jovem por seu interesse em ci\u00eancia e filosofia. Sua forma\u00e7\u00e3o acad\u00eamica foi marcada pelos estudos em Yverdon, Su\u00ed\u00e7a, sob a orienta\u00e7\u00e3o do renomado educador Pestalozzi. Ap\u00f3s completar sua educa\u00e7\u00e3o, Kardec mudou-se para Paris, onde obteve o t\u00edtulo de mestre em letras e ci\u00eancias, tornando-se um pedagogo de renome e grande divulgador do m\u00e9todo Pestalozzi. Tamb\u00e9m foi membro de diversas associa\u00e7\u00f5es cient\u00edficas, al\u00e9m de ter estudado o magnetismo, mesmo sendo inicialmente c\u00e9tico.<\/p>\n\n\n\n<p>Em 1854, Kardec tomou conhecimento das sess\u00f5es esp\u00edritas e das chamadas &#8220;mesas girantes&#8221;, um fen\u00f4meno que despertou seu interesse. Ap\u00f3s ser convidado a participar dessas sess\u00f5es, Rivail come\u00e7ou a investigar os fen\u00f4menos com seriedade. Durante uma dessas sess\u00f5es, um esp\u00edrito protetor revelou que Rivail havia sido chamado &#8220;Allan Kardec&#8221; em uma vida anterior, no per\u00edodo dos druidas. Esse esp\u00edrito prometeu ajud\u00e1-lo em sua miss\u00e3o de revelar importantes verdades espirituais.<\/p>\n<\/div>\n\n\n\n<div class=\"wp-block-column is-layout-flow wp-block-column-is-layout-flow\" style=\"flex-basis:40%\">\n<figure class=\"wp-block-image alignright size-full is-resized\"><img loading=\"lazy\" decoding=\"async\" width=\"325\" height=\"408\" src=\"https:\/\/jgplate.nl\/pt\/wp-content\/uploads\/2024\/12\/allan-kardec-1.jpg\" alt=\"\" class=\"wp-image-73\" style=\"width:396px;height:auto\" srcset=\"https:\/\/jgplate.nl\/pt\/wp-content\/uploads\/2024\/12\/allan-kardec-1.jpg 325w, https:\/\/jgplate.nl\/pt\/wp-content\/uploads\/2024\/12\/allan-kardec-1-239x300.jpg 239w\" sizes=\"auto, (max-width: 325px) 100vw, 325px\" \/><figcaption class=\"wp-element-caption\">Allan Kardec<\/figcaption><\/figure>\n<\/div>\n<\/div>\n\n\n\n<p>As informa\u00e7\u00f5es colhidas por Kardec nas sess\u00f5es deram origem a <em>O Livro dos Esp\u00edritos<\/em> (1857), sua primeira grande obra, que marca o in\u00edcio da codifica\u00e7\u00e3o da Doutrina Esp\u00edrita. A partir desse momento, Kardec publicou outras obras fundamentais, como <em>O Livro dos M\u00e9diuns<\/em> (1861), <em>O Evangelho Segundo o Espiritismo<\/em> (1864), <em>O C\u00e9u e o Inferno<\/em> (1865) e <em>A G\u00eanese<\/em> (1868). Esses livros s\u00e3o considerados a base doutrin\u00e1ria do Espiritismo.<\/p>\n\n\n\n<div class=\"wp-block-columns is-layout-flex wp-container-core-columns-is-layout-02d4429d wp-block-columns-is-layout-flex\">\n<div class=\"wp-block-column is-vertically-aligned-center is-layout-flow wp-block-column-is-layout-flow\" style=\"flex-basis:33.33%\">\n<figure class=\"wp-block-image alignleft size-full is-resized\"><img loading=\"lazy\" decoding=\"async\" width=\"325\" height=\"311\" src=\"https:\/\/jgplate.nl\/pt\/wp-content\/uploads\/2024\/12\/cemiterio-de-pere-lachaise-1.jpg\" alt=\"\" class=\"wp-image-74\" style=\"width:315px;height:auto\" srcset=\"https:\/\/jgplate.nl\/pt\/wp-content\/uploads\/2024\/12\/cemiterio-de-pere-lachaise-1.jpg 325w, https:\/\/jgplate.nl\/pt\/wp-content\/uploads\/2024\/12\/cemiterio-de-pere-lachaise-1-300x287.jpg 300w\" sizes=\"auto, (max-width: 325px) 100vw, 325px\" \/><figcaption class=\"wp-element-caption\">T\u00famulo de Allan Kardec no cemit\u00e9rio P\u00e8re Lachaise<\/figcaption><\/figure>\n<\/div>\n\n\n\n<div class=\"wp-block-column is-layout-flow wp-block-column-is-layout-flow\" style=\"flex-basis:66.66%\">\n<p>Al\u00e9m de suas obras, Kardec fundou o peri\u00f3dico <strong>La Revue Spirite<\/strong>, em 1858, que circulou at\u00e9 sua desencarna\u00e7\u00e3o, em 31 de mar\u00e7o de 1869. Ele faleceu aos 65 anos, devido a uma doen\u00e7a card\u00edaca, deixando um legado que enfrentou ceticismo e cr\u00edticas da sociedade de sua \u00e9poca, mas que se tornou fundamental para a compreens\u00e3o de temas como a reencarna\u00e7\u00e3o, a vida ap\u00f3s a morte e a comunicabilidade entre os vivos e os esp\u00edritos.<\/p>\n\n\n\n<p>Allan Kardec foi sepultado no cemit\u00e9rio P\u00e8re Lachaise, em Paris, onde seu t\u00famulo continua sendo um local de homenagem para esp\u00edritas de todo o mundo. Seu trabalho permanece vivo, promovendo reflex\u00f5es sobre o progresso espiritual e a conex\u00e3o entre os planos f\u00edsico e espiritual.<\/p>\n<\/div>\n<\/div>\n\n\n\n<h3 class=\"wp-block-heading\">Obras Fundamentais da Codifica\u00e7\u00e3o Esp\u00edrita:<\/h3>\n\n\n\n<ul class=\"wp-block-list\">\n<li><a href=\"http:\/\/www.febnet.org.br\/wp-content\/uploads\/2012\/07\/135.pdf\">O Livro dos Esp\u00edritos (1857)<\/a><\/li>\n\n\n\n<li><a href=\"http:\/\/www.febnet.org.br\/wp-content\/uploads\/2012\/07\/136.pdf\">O Livro dos M\u00e9diuns (1861)<\/a><\/li>\n\n\n\n<li><a href=\"http:\/\/www.febnet.org.br\/wp-content\/uploads\/2012\/07\/26.pdf\">O Evangelho Segundo o Espiritismo (1864)<\/a><\/li>\n\n\n\n<li><a href=\"http:\/\/www.febnet.org.br\/wp-content\/uploads\/2012\/07\/138.pdf\">O C\u00e9u e o Inferno (1865)<\/a><\/li>\n\n\n\n<li><a href=\"http:\/\/www.febnet.org.br\/wp-content\/uploads\/2012\/07\/137.pdf\">A G\u00eanese (1868)<\/a><\/li>\n<\/ul>\n\n\n\n<h3 class=\"wp-block-heading\">Outras Publica\u00e7\u00f5es:<\/h3>\n\n\n\n<ul class=\"wp-block-list\">\n<li><a href=\"http:\/\/www.febnet.org.br\/wp-content\/uploads\/2012\/07\/139.pdf\">Obras P\u00f3stumas<\/a><\/li>\n\n\n\n<li><a href=\"http:\/\/www.febnet.org.br\/wp-content\/uploads\/2012\/07\/215.pdf\">O Que \u00e9 o Espiritismo<\/a><\/li>\n\n\n\n<li><a href=\"http:\/\/www.febnet.org.br\/blog\/geral\/pesquisas\/downloads-material-completo\/\">Revista Esp\u00edrita<\/a><\/li>\n<\/ul>\n","protected":false},"excerpt":{"rendered":"<p>Allan Kardec, nascido Hippolyte L\u00e9on Denizard Rivail, em 1804, na cidade de Lyon, Fran\u00e7a, destacou-se desde jovem por seu interesse em ci\u00eancia e filosofia. Sua forma\u00e7\u00e3o acad\u00eamica foi marcada pelos estudos em Yverdon, Su\u00ed\u00e7a, sob a orienta\u00e7\u00e3o do renomado educador Pestalozzi. Ap\u00f3s completar sua educa\u00e7\u00e3o, Kardec mudou-se para Paris, onde obteve o t\u00edtulo de mestre [&hellip;]<\/p>\n","protected":false},"author":1,"featured_media":0,"parent":0,"menu_order":0,"comment_status":"closed","ping_status":"closed","template":"","meta":{"footnotes":""},"class_list":["post-72","page","type-page","status-publish","hentry"],"_links":{"self":[{"href":"https:\/\/jgplate.nl\/pt\/wp-json\/wp\/v2\/pages\/72","targetHints":{"allow":["GET"]}}],"collection":[{"href":"https:\/\/jgplate.nl\/pt\/wp-json\/wp\/v2\/pages"}],"about":[{"href":"https:\/\/jgplate.nl\/pt\/wp-json\/wp\/v2\/types\/page"}],"author":[{"embeddable":true,"href":"https:\/\/jgplate.nl\/pt\/wp-json\/wp\/v2\/users\/1"}],"replies":[{"embeddable":true,"href":"https:\/\/jgplate.nl\/pt\/wp-json\/wp\/v2\/comments?post=72"}],"version-history":[{"count":2,"href":"https:\/\/jgplate.nl\/pt\/wp-json\/wp\/v2\/pages\/72\/revisions"}],"predecessor-version":[{"id":78,"href":"https:\/\/jgplate.nl\/pt\/wp-json\/wp\/v2\/pages\/72\/revisions\/78"}],"wp:attachment":[{"href":"https:\/\/jgplate.nl\/pt\/wp-json\/wp\/v2\/media?parent=72"}],"curies":[{"name":"wp","href":"https:\/\/api.w.org\/{rel}","templated":true}]}}