{"id":84,"date":"2024-12-22T19:08:52","date_gmt":"2024-12-22T22:08:52","guid":{"rendered":"https:\/\/jgplate.nl\/pt\/?page_id=84"},"modified":"2024-12-22T19:18:45","modified_gmt":"2024-12-22T22:18:45","slug":"grupos-de-estudo","status":"publish","type":"page","link":"https:\/\/jgplate.nl\/pt\/grupos-de-estudo\/","title":{"rendered":"Grupos de Estudo"},"content":{"rendered":"\n<figure class=\"wp-block-table alignwide\"><table><thead><tr><th>Dia<\/th><th>Grupo<\/th><th>Hor\u00e1rio<\/th><th>Tema<\/th><\/tr><\/thead><tbody><tr><td>Segunda-feira<\/td><td><strong><a href=\"#T1\" data-type=\"internal\" data-id=\"#T1\">T1<\/a><\/strong><\/td><td>20:45 \u00e0s 22:00<\/td><td><strong>Obras B\u00e1sicas<\/strong> &#8211; <em>O C\u00e9u e o Inferno<\/em><\/td><\/tr><tr><td>Ter\u00e7a-feira<\/td><td><strong><a href=\"#T2\">T2<\/a><\/strong><\/td><td>19:45 \u00e0s 21:00<\/td><td><strong>Cole\u00e7\u00e3o Andr\u00e9 Luiz<\/strong> &#8211; <em>Nos Dom\u00ednios da Mediunidade<\/em><\/td><\/tr><tr><td>Ter\u00e7a-feira<\/td><td><strong><a href=\"#Autodescobrimento\">Grupo de Autodescobrimento<\/a><\/strong><\/td><td>20:00 \u00e0s 20:45<\/td><td><em>Autodescobrimento pela Abordagem Psicol\u00f3gica Esp\u00edrita<\/em><\/td><\/tr><tr><td>Ter\u00e7a-feira<\/td><td><strong><a href=\"#Temas\">Grupo de Estudo por Temas<\/a><\/strong><\/td><td>20:45 \u00e0s 21:30<\/td><td><em>Solid\u00e3o<\/em><\/td><\/tr><tr><td>Quinta-feira<\/td><td><strong><a href=\"#Paulo_e_Estevao\">Paulo e Estev\u00e3o<\/a><\/strong><\/td><td>20:00 \u00e0s 21:00<\/td><td><strong>Obras B\u00e1sicas<\/strong> &#8211; <em>A G\u00eanese<\/em><\/td><\/tr><\/tbody><\/table><\/figure>\n\n\n\n<h3 class=\"wp-block-heading\" id=\"T1\"><strong>Grupo de Estudo T1 \u2013 Obras B\u00e1sicas<\/strong><\/h3>\n\n\n\n<ul class=\"wp-block-list\">\n<li><strong>Dia e hor\u00e1rio<\/strong>: Segundas-feiras, das 20:45 \u00e0s 22:00<\/li>\n\n\n\n<li><strong>Tema<\/strong>: <em>O C\u00e9u e o Inferno<\/em><br>Este grupo aprofunda os ensinamentos de Allan Kardec sobre a justi\u00e7a divina, analisando os conceitos de c\u00e9u, inferno e a vida ap\u00f3s a morte sob a \u00f3tica esp\u00edrita. Exploramos relatos e reflex\u00f5es sobre as condi\u00e7\u00f5es espirituais dos desencarnados, oferecendo uma vis\u00e3o consoladora e educativa sobre a transi\u00e7\u00e3o da vida material para a espiritual. Este \u00e9 um espa\u00e7o ideal para quem deseja entender as leis morais que regem nosso destino e as consequ\u00eancias de nossos atos.<\/li>\n<\/ul>\n\n\n\n<hr class=\"wp-block-separator has-alpha-channel-opacity\"\/>\n\n\n\n<h3 class=\"wp-block-heading\" id=\"T2\"><strong>Grupo de Estudo T2 \u2013 Cole\u00e7\u00e3o Andr\u00e9 Luiz<\/strong><\/h3>\n\n\n\n<ul class=\"wp-block-list\">\n<li><strong>Dia e hor\u00e1rio<\/strong>: Ter\u00e7as-feiras, das 19:45 \u00e0s 21:00<\/li>\n\n\n\n<li><strong>Tema<\/strong>: <em>Nos Dom\u00ednios da Mediunidade<\/em><br>Baseado na obra de Andr\u00e9 Luiz, este grupo explora os mecanismos da mediunidade e as intera\u00e7\u00f5es entre o plano f\u00edsico e espiritual. Com uma abordagem pr\u00e1tica e te\u00f3rica, investigamos os diferentes tipos de mediunidade, os pap\u00e9is dos m\u00e9diuns e a assist\u00eancia espiritual durante os fen\u00f4menos medi\u00fanicos. \u00c9 uma excelente oportunidade para aqueles que desejam aprofundar seus conhecimentos sobre o interc\u00e2mbio entre os mundos e compreender a mediunidade como uma ferramenta de servi\u00e7o e aprendizado.<\/li>\n<\/ul>\n\n\n\n<hr class=\"wp-block-separator has-alpha-channel-opacity\"\/>\n\n\n\n<h3 class=\"wp-block-heading\" id=\"Paulo_e_Estevao\"><strong>Grupo de Estudo Paulo e Estev\u00e3o \u2013 Obras B\u00e1sicas<\/strong><\/h3>\n\n\n\n<ul class=\"wp-block-list\">\n<li><strong>Dia e hor\u00e1rio<\/strong>: Quintas-feiras, das 20:00 \u00e0s 21:00<\/li>\n\n\n\n<li><strong>Tema<\/strong>: <em>A G\u00eanese<\/em><br>Este grupo foca no estudo e discuss\u00e3o do cristianismo primitivo, abordando os ensinamentos de Jesus e a viv\u00eancia de seus primeiros seguidores \u00e0 luz da Doutrina Esp\u00edrita. Com base na obra <em>A G\u00eanese<\/em> de Allan Kardec, exploramos os fundamentos espirituais e hist\u00f3ricos do cristianismo, refletindo sobre como suas li\u00e7\u00f5es continuam a inspirar o progresso moral e espiritual da humanidade. \u00c9 um espa\u00e7o para aprofundar o entendimento do papel transformador de Jesus e dos primeiros crist\u00e3os no contexto do Espiritismo.<\/li>\n<\/ul>\n\n\n\n<hr class=\"wp-block-separator has-alpha-channel-opacity\"\/>\n\n\n\n<h3 class=\"wp-block-heading\" id=\"Autodescobrimento\"><strong>Grupo de Autodescobrimento \u2013 Em parceria com o Grupo Seara da Luz<\/strong><\/h3>\n\n\n\n<ul class=\"wp-block-list\">\n<li><strong>Dia e hor\u00e1rio<\/strong>: Ter\u00e7as-feiras, das 20:00 \u00e0s 20:45<\/li>\n\n\n\n<li><strong>Tema<\/strong>: <em>Autodescobrimento pela Abordagem Psicol\u00f3gica Esp\u00edrita<\/em><br>Este grupo oferece um espa\u00e7o de reflex\u00e3o e aprendizado voltado ao autoconhecimento e ao desenvolvimento emocional, utilizando a abordagem psicol\u00f3gica esp\u00edrita. Exploramos como os ensinamentos do Espiritismo podem ajudar a compreender nossos desafios emocionais e espirituais, promovendo o equil\u00edbrio interior. Ideal para quem busca ferramentas para o crescimento pessoal e uma vida mais harmoniosa.<\/li>\n<\/ul>\n\n\n\n<hr class=\"wp-block-separator has-alpha-channel-opacity\"\/>\n\n\n\n<h3 class=\"wp-block-heading\" id=\"Temas\"><strong>Grupo de Estudo por Temas \u2013 Em parceria com o Grupo Seara da Luz<\/strong><\/h3>\n\n\n\n<ul class=\"wp-block-list\">\n<li><strong>Dia e hor\u00e1rio<\/strong>: Ter\u00e7as-feiras, das 20:45 \u00e0s 21:30<\/li>\n\n\n\n<li><strong>Tema<\/strong>: <em>Solid\u00e3o<\/em><br>Este grupo aborda temas atuais e desafiadores sob a perspectiva esp\u00edrita, com foco no tema da solid\u00e3o. Discutimos como a espiritualidade pode oferecer consolo e entendimento para momentos de isolamento, promovendo a valoriza\u00e7\u00e3o das rela\u00e7\u00f5es e o fortalecimento interior. \u00c9 um espa\u00e7o acolhedor para compartilhar experi\u00eancias, aprender com os ensinamentos esp\u00edritas e encontrar apoio emocional e espiritual.<\/li>\n<\/ul>\n","protected":false},"excerpt":{"rendered":"<p>Dia Grupo Hor\u00e1rio Tema Segunda-feira T1 20:45 \u00e0s 22:00 Obras B\u00e1sicas &#8211; O C\u00e9u e o Inferno Ter\u00e7a-feira T2 19:45 \u00e0s 21:00 Cole\u00e7\u00e3o Andr\u00e9 Luiz &#8211; Nos Dom\u00ednios da Mediunidade Ter\u00e7a-feira Grupo de Autodescobrimento 20:00 \u00e0s 20:45 Autodescobrimento pela Abordagem Psicol\u00f3gica Esp\u00edrita Ter\u00e7a-feira Grupo de Estudo por Temas 20:45 \u00e0s 21:30 Solid\u00e3o Quinta-feira Paulo e [&hellip;]<\/p>\n","protected":false},"author":1,"featured_media":0,"parent":0,"menu_order":0,"comment_status":"closed","ping_status":"closed","template":"","meta":{"footnotes":""},"class_list":["post-84","page","type-page","status-publish","hentry"],"_links":{"self":[{"href":"https:\/\/jgplate.nl\/pt\/wp-json\/wp\/v2\/pages\/84","targetHints":{"allow":["GET"]}}],"collection":[{"href":"https:\/\/jgplate.nl\/pt\/wp-json\/wp\/v2\/pages"}],"about":[{"href":"https:\/\/jgplate.nl\/pt\/wp-json\/wp\/v2\/types\/page"}],"author":[{"embeddable":true,"href":"https:\/\/jgplate.nl\/pt\/wp-json\/wp\/v2\/users\/1"}],"replies":[{"embeddable":true,"href":"https:\/\/jgplate.nl\/pt\/wp-json\/wp\/v2\/comments?post=84"}],"version-history":[{"count":4,"href":"https:\/\/jgplate.nl\/pt\/wp-json\/wp\/v2\/pages\/84\/revisions"}],"predecessor-version":[{"id":91,"href":"https:\/\/jgplate.nl\/pt\/wp-json\/wp\/v2\/pages\/84\/revisions\/91"}],"wp:attachment":[{"href":"https:\/\/jgplate.nl\/pt\/wp-json\/wp\/v2\/media?parent=84"}],"curies":[{"name":"wp","href":"https:\/\/api.w.org\/{rel}","templated":true}]}}