{"id":92,"date":"2024-12-22T19:21:19","date_gmt":"2024-12-22T22:21:19","guid":{"rendered":"https:\/\/jgplate.nl\/pt\/?page_id=92"},"modified":"2024-12-22T19:21:19","modified_gmt":"2024-12-22T22:21:19","slug":"o-que-e-o-espiritismo","status":"publish","type":"page","link":"https:\/\/jgplate.nl\/pt\/o-que-e-o-espiritismo\/","title":{"rendered":"O que \u00e9 o Espiritismo?"},"content":{"rendered":"\n<p>O Espiritismo \u00e9 uma doutrina religiosa, filos\u00f3fica e cient\u00edfica que teve origem no s\u00e9culo XIX, na Fran\u00e7a, com as obras do educador e autor Allan Kardec, cujo nome real era Hippolyte L\u00e9on Denizard Rivail. O Espiritismo tem como base a cren\u00e7a na exist\u00eancia de esp\u00edritos e na comunica\u00e7\u00e3o entre os vivos e os esp\u00edritos desencarnados, geralmente por meio de m\u00e9diuns.<\/p>\n\n\n\n<p>Os princ\u00edpios fundamentais do Espiritismo incluem:<\/p>\n\n\n\n<ol class=\"wp-block-list\">\n<li><strong>Reencarna\u00e7\u00e3o<\/strong>: A cren\u00e7a de que a alma passa por sucessivas encarna\u00e7\u00f5es em corpos diferentes, com o objetivo de evoluir espiritualmente.<\/li>\n\n\n\n<li><strong>Comunica\u00e7\u00e3o com Esp\u00edritos<\/strong>: Atrav\u00e9s de m\u00e9diuns, \u00e9 poss\u00edvel estabelecer contato com esp\u00edritos que tenham desencarnado, buscando orienta\u00e7\u00e3o espiritual e conselhos.<\/li>\n\n\n\n<li><strong>Pluralidade dos Mundos Habitados<\/strong>: A ideia de que o universo \u00e9 habitado por seres de diferentes n\u00edveis de evolu\u00e7\u00e3o espiritual.<\/li>\n\n\n\n<li><strong>Leis Morais<\/strong>: O Espiritismo enfatiza a import\u00e2ncia da moralidade, da caridade e do amor ao pr\u00f3ximo como princ\u00edpios fundamentais para o progresso espiritual.<\/li>\n\n\n\n<li><strong>Estudo e Educa\u00e7\u00e3o<\/strong>: A busca pelo conhecimento e pelo desenvolvimento pessoal s\u00e3o altamente valorizados no Espiritismo.<\/li>\n\n\n\n<li><strong>Ci\u00eancia e Religi\u00e3o<\/strong>: A doutrina procura harmonizar a ci\u00eancia e a religi\u00e3o, promovendo a ideia de que a espiritualidade pode ser compreendida atrav\u00e9s de uma abordagem racional e cient\u00edfica.<\/li>\n<\/ol>\n\n\n\n<p>O Espiritismo \u00e9 praticado de diversas formas em diferentes partes do mundo. Existem centros esp\u00edritas onde as pessoas se re\u00fanem para estudar, discutir temas relacionados \u00e0 espiritualidade e realizar pr\u00e1ticas como a mediunidade. \u00c9 importante notar que as cren\u00e7as e pr\u00e1ticas dentro do Espiritismo podem variar, e a doutrina \u00e9 vista de maneira diferente por diferentes pessoas e grupos. Para alguns, \u00e9 uma religi\u00e3o, enquanto para outros, \u00e9 uma filosofia de vida.<\/p>\n","protected":false},"excerpt":{"rendered":"<p>O Espiritismo \u00e9 uma doutrina religiosa, filos\u00f3fica e cient\u00edfica que teve origem no s\u00e9culo XIX, na Fran\u00e7a, com as obras do educador e autor Allan Kardec, cujo nome real era Hippolyte L\u00e9on Denizard Rivail. O Espiritismo tem como base a cren\u00e7a na exist\u00eancia de esp\u00edritos e na comunica\u00e7\u00e3o entre os vivos e os esp\u00edritos desencarnados, [&hellip;]<\/p>\n","protected":false},"author":1,"featured_media":0,"parent":0,"menu_order":0,"comment_status":"closed","ping_status":"closed","template":"","meta":{"footnotes":""},"class_list":["post-92","page","type-page","status-publish","hentry"],"_links":{"self":[{"href":"https:\/\/jgplate.nl\/pt\/wp-json\/wp\/v2\/pages\/92","targetHints":{"allow":["GET"]}}],"collection":[{"href":"https:\/\/jgplate.nl\/pt\/wp-json\/wp\/v2\/pages"}],"about":[{"href":"https:\/\/jgplate.nl\/pt\/wp-json\/wp\/v2\/types\/page"}],"author":[{"embeddable":true,"href":"https:\/\/jgplate.nl\/pt\/wp-json\/wp\/v2\/users\/1"}],"replies":[{"embeddable":true,"href":"https:\/\/jgplate.nl\/pt\/wp-json\/wp\/v2\/comments?post=92"}],"version-history":[{"count":1,"href":"https:\/\/jgplate.nl\/pt\/wp-json\/wp\/v2\/pages\/92\/revisions"}],"predecessor-version":[{"id":93,"href":"https:\/\/jgplate.nl\/pt\/wp-json\/wp\/v2\/pages\/92\/revisions\/93"}],"wp:attachment":[{"href":"https:\/\/jgplate.nl\/pt\/wp-json\/wp\/v2\/media?parent=92"}],"curies":[{"name":"wp","href":"https:\/\/api.w.org\/{rel}","templated":true}]}}