{"id":97,"date":"2024-12-22T19:30:03","date_gmt":"2024-12-22T22:30:03","guid":{"rendered":"https:\/\/jgplate.nl\/pt\/?page_id=97"},"modified":"2025-04-08T08:42:49","modified_gmt":"2025-04-08T11:42:49","slug":"seja-um-associado","status":"publish","type":"page","link":"https:\/\/jgplate.nl\/pt\/seja-um-associado\/","title":{"rendered":"Seja um Associado"},"content":{"rendered":"\n<p>Ao se tornar um associado, voc\u00ea tem a oportunidade de apoiar ativamente a nossa miss\u00e3o de causar um impacto positivo na sociedade. Ao fazer parte da nossa associa\u00e7\u00e3o, voc\u00ea nos ajuda a manter a estrutura e nos permite oferecer todas as nossas atividades de forma gratuita para qualquer interessado.<\/p>\n\n\n\n<p>\ud83c\udf97 <strong>Ao se associar, voc\u00ea se compromete com uma contribui\u00e7\u00e3o m\u00ednima de 5 euros por m\u00eas<\/strong>, valor que ajuda a cobrir custos b\u00e1sicos de funcionamento e a viabilizar nossas atividades com continuidade e qualidade.<\/p>\n\n\n\n<p>Al\u00e9m disso, como associado, voc\u00ea ter\u00e1 o direito de votar no planejamento anual das atividades e participar de a\u00e7\u00f5es pontuais ao longo do ano.<\/p>\n\n\n\n<p>No entanto, \u00e9 importante ressaltar que n\u00e3o ser um associado <strong>n\u00e3o impede<\/strong> a sua participa\u00e7\u00e3o em nenhuma atividade da associa\u00e7\u00e3o. Independentemente de estar inscrito como associado, todos s\u00e3o bem-vindos a participar dos estudos, emprestar e consultar livros em nossa biblioteca e contribuir com doa\u00e7\u00f5es regulares ou espor\u00e1dicas. A nossa associa\u00e7\u00e3o valoriza e acolhe a participa\u00e7\u00e3o de todos, independente do status de associado.<\/p>\n\n\n<style id=\"wpforms-css-vars-95-block-dd253320-3f39-4bcd-a940-127401f86f75\">\n\t\t\t\t#wpforms-95.wpforms-block-dd253320-3f39-4bcd-a940-127401f86f75 {\n\t\t\t\t--wpforms-button-background-color: #0693e3;\n--wpforms-field-size-input-height: 43px;\n--wpforms-field-size-input-spacing: 15px;\n--wpforms-field-size-font-size: 16px;\n--wpforms-field-size-line-height: 19px;\n--wpforms-field-size-padding-h: 14px;\n--wpforms-field-size-checkbox-size: 16px;\n--wpforms-field-size-sublabel-spacing: 5px;\n--wpforms-field-size-icon-size: 1;\n--wpforms-label-size-font-size: 16px;\n--wpforms-label-size-line-height: 19px;\n--wpforms-label-size-sublabel-font-size: 14px;\n--wpforms-label-size-sublabel-line-height: 17px;\n--wpforms-button-size-font-size: 17px;\n--wpforms-button-size-height: 41px;\n--wpforms-button-size-padding-h: 15px;\n--wpforms-button-size-margin-top: 10px;\n\n\t\t\t}\n\t\t\t<\/style><div class=\"wpforms-container wpforms-container-full wpforms-block wpforms-block-dd253320-3f39-4bcd-a940-127401f86f75 wpforms-render-modern\" id=\"wpforms-95\"><form id=\"wpforms-form-95\" class=\"wpforms-validate wpforms-form wpforms-ajax-form\" data-formid=\"95\" method=\"post\" enctype=\"multipart\/form-data\" action=\"\/pt\/wp-json\/wp\/v2\/pages\/97\" data-token=\"66699f8d391aa4793ee7d36975a843ea\" data-token-time=\"1775410454\"><noscript class=\"wpforms-error-noscript\">Ative o JavaScript no seu navegador para preencher este formul\u00e1rio.<\/noscript><div id=\"wpforms-error-noscript\" style=\"display: none;\">Ative o JavaScript no seu navegador para preencher este formul\u00e1rio.<\/div><div class=\"wpforms-field-container\"><div id=\"wpforms-95-field_1-container\" class=\"wpforms-field wpforms-field-name\" data-field-id=\"1\"><label class=\"wpforms-field-label\" for=\"wpforms-95-field_1\">Nome <span class=\"wpforms-required-label\" aria-hidden=\"true\">*<\/span><\/label><input type=\"text\" id=\"wpforms-95-field_1\" class=\"wpforms-field-medium wpforms-field-required\" name=\"wpforms[fields][1]\" aria-errormessage=\"wpforms-95-field_1-error\" required><\/div><div id=\"wpforms-95-field_2-container\" class=\"wpforms-field wpforms-field-email\" data-field-id=\"2\"><label class=\"wpforms-field-label\" for=\"wpforms-95-field_2\">E-mail <span class=\"wpforms-required-label\" aria-hidden=\"true\">*<\/span><\/label><input type=\"email\" id=\"wpforms-95-field_2\" class=\"wpforms-field-medium wpforms-field-required\" name=\"wpforms[fields][2]\" spellcheck=\"false\" aria-errormessage=\"wpforms-95-field_2-error\" required><\/div><div id=\"wpforms-95-field_3-container\" class=\"wpforms-field wpforms-field-number\" data-field-id=\"3\"><label class=\"wpforms-field-label\" for=\"wpforms-95-field_3\">Telefone <span class=\"wpforms-required-label\" aria-hidden=\"true\">*<\/span><\/label><input type=\"number\" id=\"wpforms-95-field_3\" class=\"wpforms-field-medium wpforms-field-required\" name=\"wpforms[fields][3]\" step=\"any\" aria-errormessage=\"wpforms-95-field_3-error\" required><\/div><div id=\"wpforms-95-field_4-container\" class=\"wpforms-field wpforms-field-text\" data-field-id=\"4\"><label class=\"wpforms-field-label\" for=\"wpforms-95-field_4\">Endere\u00e7o <span class=\"wpforms-required-label\" aria-hidden=\"true\">*<\/span><\/label><input type=\"text\" id=\"wpforms-95-field_4\" class=\"wpforms-field-medium wpforms-field-required\" name=\"wpforms[fields][4]\" aria-errormessage=\"wpforms-95-field_4-error\" required><\/div>\t\t<div id=\"wpforms-95-field_8-container\"\n\t\t\tclass=\"wpforms-field wpforms-field-text\"\n\t\t\tdata-field-type=\"text\"\n\t\t\tdata-field-id=\"8\"\n\t\t\t>\n\t\t\t<label class=\"wpforms-field-label\" for=\"wpforms-95-field_8\" >tornar Gostaria Associado?<\/label>\n\t\t\t<input type=\"text\" id=\"wpforms-95-field_8\" class=\"wpforms-field-medium\" name=\"wpforms[fields][8]\" >\n\t\t<\/div>\n\t\t<div id=\"wpforms-95-field_5-container\" class=\"wpforms-field wpforms-field-text\" data-field-id=\"5\"><label class=\"wpforms-field-label\" for=\"wpforms-95-field_5\">Postcode <span class=\"wpforms-required-label\" aria-hidden=\"true\">*<\/span><\/label><input type=\"text\" id=\"wpforms-95-field_5\" class=\"wpforms-field-medium wpforms-field-required\" name=\"wpforms[fields][5]\" aria-errormessage=\"wpforms-95-field_5-error\" required><\/div><div id=\"wpforms-95-field_6-container\" class=\"wpforms-field wpforms-field-text\" data-field-id=\"6\"><label class=\"wpforms-field-label\" for=\"wpforms-95-field_6\">Nascimento <span class=\"wpforms-required-label\" aria-hidden=\"true\">*<\/span><\/label><input type=\"text\" id=\"wpforms-95-field_6\" class=\"wpforms-field-medium wpforms-field-required\" name=\"wpforms[fields][6]\" aria-errormessage=\"wpforms-95-field_6-error\" required><\/div><div id=\"wpforms-95-field_7-container\" class=\"wpforms-field wpforms-field-checkbox\" data-field-id=\"7\"><fieldset><legend class=\"wpforms-field-label\">Gostaria de se tornar Associado? <span class=\"wpforms-required-label\" aria-hidden=\"true\">*<\/span><\/legend><ul id=\"wpforms-95-field_7\" class=\"wpforms-field-required\"><li class=\"choice-1 depth-1\"><input type=\"checkbox\" id=\"wpforms-95-field_7_1\" name=\"wpforms[fields][7][]\" value=\"Sim\" aria-errormessage=\"wpforms-95-field_7_1-error\" required ><label class=\"wpforms-field-label-inline\" for=\"wpforms-95-field_7_1\">Sim<\/label><\/li><\/ul><\/fieldset><\/div><script>\n\t\t\t\t( function() {\n\t\t\t\t\tconst style = document.createElement( 'style' );\n\t\t\t\t\tstyle.appendChild( document.createTextNode( '#wpforms-95-field_8-container { position: absolute !important; overflow: hidden !important; display: inline !important; height: 1px !important; width: 1px !important; z-index: -1000 !important; padding: 0 !important; } #wpforms-95-field_8-container input { visibility: hidden; } #wpforms-conversational-form-page #wpforms-95-field_8-container label { counter-increment: none; }' ) );\n\t\t\t\t\tdocument.head.appendChild( style );\n\t\t\t\t\tdocument.currentScript?.remove();\n\t\t\t\t} )();\n\t\t\t<\/script><\/div><!-- .wpforms-field-container --><div class=\"wpforms-submit-container\" ><input type=\"hidden\" name=\"wpforms[id]\" value=\"95\"><input type=\"hidden\" name=\"page_title\" value=\"\"><input type=\"hidden\" name=\"page_url\" value=\"https:\/\/jgplate.nl\/pt\/wp-json\/wp\/v2\/pages\/97\"><input type=\"hidden\" name=\"url_referer\" value=\"\"><button type=\"submit\" name=\"wpforms[submit]\" id=\"wpforms-submit-95\" class=\"wpforms-submit\" data-alt-text=\"Enviando\u2026\" data-submit-text=\"Enviar\" aria-live=\"assertive\" value=\"wpforms-submit\">Enviar<\/button><img loading=\"lazy\" decoding=\"async\" src=\"https:\/\/jgplate.nl\/pt\/wp-content\/plugins\/wpforms-lite\/assets\/images\/submit-spin.svg\" class=\"wpforms-submit-spinner\" style=\"display: none;\" width=\"26\" height=\"26\" alt=\"Carregando\"><\/div><\/form><\/div>  <!-- .wpforms-container -->","protected":false},"excerpt":{"rendered":"<p>Ao se tornar um associado, voc\u00ea tem a oportunidade de apoiar ativamente a nossa miss\u00e3o de causar um impacto positivo na sociedade. Ao fazer parte da nossa associa\u00e7\u00e3o, voc\u00ea nos ajuda a manter a estrutura e nos permite oferecer todas as nossas atividades de forma gratuita para qualquer interessado. \ud83c\udf97 Ao se associar, voc\u00ea se [&hellip;]<\/p>\n","protected":false},"author":1,"featured_media":0,"parent":0,"menu_order":0,"comment_status":"closed","ping_status":"closed","template":"","meta":{"footnotes":""},"class_list":["post-97","page","type-page","status-publish","hentry"],"_links":{"self":[{"href":"https:\/\/jgplate.nl\/pt\/wp-json\/wp\/v2\/pages\/97","targetHints":{"allow":["GET"]}}],"collection":[{"href":"https:\/\/jgplate.nl\/pt\/wp-json\/wp\/v2\/pages"}],"about":[{"href":"https:\/\/jgplate.nl\/pt\/wp-json\/wp\/v2\/types\/page"}],"author":[{"embeddable":true,"href":"https:\/\/jgplate.nl\/pt\/wp-json\/wp\/v2\/users\/1"}],"replies":[{"embeddable":true,"href":"https:\/\/jgplate.nl\/pt\/wp-json\/wp\/v2\/comments?post=97"}],"version-history":[{"count":5,"href":"https:\/\/jgplate.nl\/pt\/wp-json\/wp\/v2\/pages\/97\/revisions"}],"predecessor-version":[{"id":277,"href":"https:\/\/jgplate.nl\/pt\/wp-json\/wp\/v2\/pages\/97\/revisions\/277"}],"wp:attachment":[{"href":"https:\/\/jgplate.nl\/pt\/wp-json\/wp\/v2\/media?parent=97"}],"curies":[{"name":"wp","href":"https:\/\/api.w.org\/{rel}","templated":true}]}}